{"id":5,"date":"2026-03-12T15:36:37","date_gmt":"2026-03-12T15:36:37","guid":{"rendered":"https:\/\/fishcare.rationelle-praxis.de\/index.php\/impressum\/"},"modified":"2026-03-13T06:23:19","modified_gmt":"2026-03-13T06:23:19","slug":"impressum","status":"publish","type":"page","link":"https:\/\/www.fishcare.de\/index.php\/impressum\/","title":{"rendered":"Impressum"},"content":{"rendered":"\n<p>Anbieterkennzeichnung gem\u00e4\u00df \u00a7 5 DDG<\/p>\n\n\n\n<p>f\u00fcr die Website https:\/\/www.fishcare.de\/<\/p>\n\n\n\n<p><em>Stand: M\u00e4rz 2026<\/em><\/p>\n\n\n\n<h1 class=\"wp-block-heading\">1. Angaben gem\u00e4\u00df \u00a7 5 DDG (Digitale-Dienste-Gesetz)<\/h1>\n\n\n\n<h2 class=\"wp-block-heading\">1.1 Diensteanbieter<\/h2>\n\n\n\n<p><strong>Dr. med. vet. Sandra Lechleiter<\/strong><\/p>\n\n\n\n<p>Niedergelassene Fachtier\u00e4rztin f\u00fcr Fische<\/p>\n\n\n\n<p>Fuhrmannstra\u00dfe 4<br>D-75305 Neuenb\u00fcrg<\/p>\n\n\n\n<h2 class=\"wp-block-heading\">1.2 Kontakt<\/h2>\n\n\n\n<p><strong>Mobiltelefon: <\/strong>+49 171 1722659<br><strong>Telefon: <\/strong>+49 7082 949698<br><strong>Fax: <\/strong>+49 7082 90880<br><strong>E-Mail: <\/strong>sandra-lechleiter@fischcare.de<br><strong>Website: <\/strong>https:\/\/www.fishcare.de\/<\/p>\n\n\n\n<h1 class=\"wp-block-heading\">2. Umsatzsteuer-Identifikationsnummer<\/h1>\n\n\n\n<p>Umsatzsteuer-Identifikationsnummer gem\u00e4\u00df \u00a7 27 a Umsatzsteuergesetz (UStG):<\/p>\n\n\n\n<p><strong>DE194528930<\/strong><\/p>\n\n\n\n<h1 class=\"wp-block-heading\">3. Berufsbezeichnung und berufsrechtliche Angaben<\/h1>\n\n\n\n<h2 class=\"wp-block-heading\">3.1 Berufsbezeichnung<\/h2>\n\n\n\n<p><strong>Tier\u00e4rztin<\/strong> (Approbation)<br><strong>Fachtier\u00e4rztin f\u00fcr Fische<\/strong><\/p>\n\n\n\n<p>Die Berufsbezeichnung \u201eTier\u00e4rztin\u201c wurde in der Bundesrepublik Deutschland verliehen.<\/p>\n\n\n\n<h2 class=\"wp-block-heading\">3.2 Approbationsbeh\u00f6rde<\/h2>\n\n\n\n<p>Approbation erteilt durch:<\/p>\n\n\n\n<p><strong>Bayerisches Staatsministerium des Inneren<\/strong><\/p>\n\n\n\n<h2 class=\"wp-block-heading\">3.3 Zust\u00e4ndige Kammer<\/h2>\n\n\n\n<p><strong>Landestier\u00e4rztekammer Baden-W\u00fcrttemberg<\/strong><\/p>\n\n\n\n<p>Am Kr\u00e4herwald 219<br>70193 Stuttgart<br>Telefon: +49 711 7228632-0<br>Fax: +49 711 7228632-20<br>E-Mail: info@ltk-bw.de<br>Website: https:\/\/www.ltk-bw.de<\/p>\n\n\n\n<h2 class=\"wp-block-heading\">3.4 Berufsrechtliche Regelungen<\/h2>\n\n\n\n<p>F\u00fcr die Berufsaus\u00fcbung gelten die folgenden berufsrechtlichen Regelungen:<\/p>\n\n\n\n<p><strong>Bundes-Tier\u00e4rzteordnung (BT\u00c4O)<\/strong><br>in der jeweils g\u00fcltigen Fassung, einsehbar unter: https:\/\/www.gesetze-im-internet.de\/bt_o\/<\/p>\n\n\n\n<p><strong>Tier\u00e4rztliche Approbationsverordnung (TAppV)<\/strong><br>in der jeweils g\u00fcltigen Fassung, einsehbar unter: https:\/\/www.gesetze-im-internet.de\/tappv\/<\/p>\n\n\n\n<p><strong>Heilberufe-Kammergesetz Baden-W\u00fcrttemberg (HBKG BW)<\/strong><br>in der jeweils g\u00fcltigen Fassung, einsehbar unter: https:\/\/www.landesrecht-bw.de<\/p>\n\n\n\n<p><strong>Berufsordnung der Landestier\u00e4rztekammer Baden-W\u00fcrttemberg<\/strong><br>in der Fassung vom 22.10.2020, g\u00fcltig ab 01.01.2021, einsehbar unter: https:\/\/www.ltk-bw.de\/kammer\/rechtsgrundlagen.html<\/p>\n\n\n\n<p><strong>Geb\u00fchrenordnung f\u00fcr Tier\u00e4rzte (GOT)<\/strong><br>in der jeweils g\u00fcltigen Fassung, einsehbar unter: https:\/\/www.gesetze-im-internet.de\/got\/<\/p>\n\n\n\n<p><strong>Gesetz \u00fcber den Verkehr mit Arzneimitteln (Arzneimittelgesetz \u2013 AMG)<\/strong><br>in der jeweils g\u00fcltigen Fassung, einsehbar unter: https:\/\/www.gesetze-im-internet.de\/amg_1976\/<\/p>\n\n\n\n<h1 class=\"wp-block-heading\">4. Berufshaftpflichtversicherung<\/h1>\n\n\n\n<p><strong>Versicherer:<\/strong><\/p>\n\n\n\n<p>AXA Versicherungs AG<br>B\u00f6rsenplatz 1<br>50667 K\u00f6ln<\/p>\n\n\n\n<p><strong>R\u00e4umlicher Geltungsbereich der Versicherung:<\/strong><br>Deutschland und angrenzende L\u00e4nder<\/p>\n\n\n\n<h1 class=\"wp-block-heading\">5. Redaktionell Verantwortliche<\/h1>\n\n\n\n<p>Verantwortlich f\u00fcr den Inhalt gem\u00e4\u00df \u00a7 18 Abs. 2 Medienstaatsvertrag (MStV):<\/p>\n\n\n\n<p><strong>Dr. med. vet. Sandra Lechleiter<\/strong><br>Fuhrmannstra\u00dfe 4<br>D-75305 Neuenb\u00fcrg<\/p>\n\n\n\n<h1 class=\"wp-block-heading\">6. Hinweis zur EU-Streitbeilegung<\/h1>\n\n\n\n<p>Die Europ\u00e4ische Kommission hat die Plattform zur Online-Streitbeilegung (OS-Plattform) zum 20. M\u00e4rz 2025 endg\u00fcltig eingestellt. Eine Online-Streitbeilegung \u00fcber diese Plattform ist daher nicht mehr m\u00f6glich.<\/p>\n\n\n\n<p>Wir sind nicht bereit oder verpflichtet, an Streitbeilegungsverfahren vor einer Verbraucherschlichtungsstelle teilzunehmen.<\/p>\n\n\n\n<h1 class=\"wp-block-heading\">7. Haftung f\u00fcr Inhalte<\/h1>\n\n\n\n<p>Als Diensteanbieter sind wir gem\u00e4\u00df \u00a7 7 Abs. 1 DDG f\u00fcr eigene Inhalte auf diesen Seiten nach den allgemeinen Gesetzen verantwortlich. Nach den \u00a7\u00a7 8 bis 11 DDG sind wir als Diensteanbieter jedoch nicht verpflichtet, \u00fcbermittelte oder gespeicherte fremde Informationen zu \u00fcberwachen oder nach Umst\u00e4nden zu forschen, die auf eine rechtswidrige T\u00e4tigkeit hinweisen.<\/p>\n\n\n\n<p>Verpflichtungen zur Entfernung oder Sperrung der Nutzung von Informationen nach den allgemeinen Gesetzen bleiben hiervon unber\u00fchrt. Eine diesbez\u00fcgliche Haftung ist jedoch erst ab dem Zeitpunkt der Kenntnis einer konkreten Rechtsverletzung m\u00f6glich. Bei Bekanntwerden von entsprechenden Rechtsverletzungen werden wir diese Inhalte umgehend entfernen.<\/p>\n\n\n\n<h1 class=\"wp-block-heading\">8. Haftung f\u00fcr Links<\/h1>\n\n\n\n<p>Unser Angebot enth\u00e4lt Links zu externen Websites Dritter, auf deren Inhalte wir keinen Einfluss haben. Deshalb k\u00f6nnen wir f\u00fcr diese fremden Inhalte auch keine Gew\u00e4hr \u00fcbernehmen. F\u00fcr die Inhalte der verlinkten Seiten ist stets der jeweilige Anbieter oder Betreiber der Seiten verantwortlich. Die verlinkten Seiten wurden zum Zeitpunkt der Verlinkung auf m\u00f6gliche Rechtsverst\u00f6\u00dfe \u00fcberpr\u00fcft. Rechtswidrige Inhalte waren zum Zeitpunkt der Verlinkung nicht erkennbar.<\/p>\n\n\n\n<p>Eine permanente inhaltliche Kontrolle der verlinkten Seiten ist jedoch ohne konkrete Anhaltspunkte einer Rechtsverletzung nicht zumutbar. Bei Bekanntwerden von Rechtsverletzungen werden wir derartige Links umgehend entfernen.<\/p>\n\n\n\n<h1 class=\"wp-block-heading\">9. Urheberrecht<\/h1>\n\n\n\n<p>Die durch die Seitenbetreiber erstellten Inhalte und Werke auf diesen Seiten unterliegen dem deutschen Urheberrecht. Die Vervielf\u00e4ltigung, Bearbeitung, Verbreitung und jede Art der Verwertung au\u00dferhalb der Grenzen des Urheberrechtes bed\u00fcrfen der schriftlichen Zustimmung des jeweiligen Autors bzw. Erstellers. Downloads und Kopien dieser Seite sind nur f\u00fcr den privaten, nicht kommerziellen Gebrauch gestattet.<\/p>\n\n\n\n<p>Soweit die Inhalte auf dieser Seite nicht vom Betreiber erstellt wurden, werden die Urheberrechte Dritter beachtet. Insbesondere werden Inhalte Dritter als solche gekennzeichnet. Sollten Sie trotzdem auf eine Urheberrechtsverletzung aufmerksam werden, bitten wir um einen entsprechenden Hinweis. Bei Bekanntwerden von Rechtsverletzungen werden wir derartige Inhalte umgehend entfernen.<\/p>\n\n\n\n<h1 class=\"wp-block-heading\">10. Hinweis zur Telemedizin<\/h1>\n\n\n\n<p>Wir bieten tier\u00e4rztliche Telemedizin-Sprechstunden \u00fcber die externe Plattform tierarzt-online.app an. Bei der Nutzung dieses Dienstes gelten die Nutzungsbedingungen und Datenschutzbestimmungen des jeweiligen Plattformbetreibers. Dr. med. vet. Sandra Lechleiter ist f\u00fcr die dort erbrachten tier\u00e4rztlichen Leistungen im Rahmen der geltenden berufsrechtlichen Vorschriften verantwortlich.<\/p>\n\n\n\n<h1 class=\"wp-block-heading\">11. Weitere Informationspflichten<\/h1>\n\n\n\n<h2 class=\"wp-block-heading\">11.1 Aufsichtsbeh\u00f6rde<\/h2>\n\n\n\n<p>Zust\u00e4ndige Aufsichtsbeh\u00f6rde f\u00fcr die tier\u00e4rztliche T\u00e4tigkeit:<\/p>\n\n\n\n<p><strong>Landestier\u00e4rztekammer Baden-W\u00fcrttemberg<\/strong><br>Am Kr\u00e4herwald 219<br>70193 Stuttgart<\/p>\n\n\n\n<p><a href=\"https:\/\/www.ltk-bw.de\">https:\/\/www.ltk-bw.de<\/a><\/p>\n\n\n\n<p>Zust\u00e4ndige Veterin\u00e4rbeh\u00f6rde:<br><strong>Landratsamt Enzkreis \u2013 Amt f\u00fcr Veterin\u00e4rwesen und Lebensmittel\u00fcberwachung<\/strong><\/p>\n\n\n\n<p>Zehntscheuerweg 1<br>75177 Pforzheim<\/p>\n\n\n\n<h2 class=\"wp-block-heading\">11.2 Besondere Berufsregeln<\/h2>\n\n\n\n<p>Gem\u00e4\u00df der Berufsordnung der Landestier\u00e4rztekammer Baden-W\u00fcrttemberg ist Dr. med. vet. Sandra Lechleiter zur gew\u00f6hnlichen Sorgfalt bei der Berufsaus\u00fcbung sowie zur st\u00e4ndigen Fortbildung verpflichtet. Es besteht eine grunds\u00e4tzliche Schweigepflicht \u00fcber Sachverhalte, die im Zusammenhang mit der tier\u00e4rztlichen T\u00e4tigkeit bekannt werden, soweit gesetzliche Vorschriften nicht eine Offenbarungspflicht begr\u00fcnden.<\/p>\n\n\n\n<h2 class=\"wp-block-heading\">11.3 Geb\u00fchren<\/h2>\n\n\n\n<p>Die Verg\u00fctung tier\u00e4rztlicher Leistungen richtet sich nach der Geb\u00fchrenordnung f\u00fcr Tier\u00e4rzte (GOT) in der jeweils g\u00fcltigen Fassung.<\/p>\n\n\n\n<p><em>Dr. med. vet. Sandra Lechleiter \u2014 Neuenb\u00fcrg, M\u00e4rz 2026<\/em><\/p>\n","protected":false},"excerpt":{"rendered":"<p>Anbieterkennzeichnung gem\u00e4\u00df \u00a7 5 DDG f\u00fcr die Website https:\/\/www.fishcare.de\/ Stand: M\u00e4rz 2026 1. Angaben gem\u00e4\u00df \u00a7 5 DDG (Digitale-Dienste-Gesetz) 1.1 Diensteanbieter Dr. med. vet. Sandra&hellip;<\/p>\n","protected":false},"author":0,"featured_media":0,"parent":0,"menu_order":0,"comment_status":"closed","ping_status":"closed","template":"page-impressum.php","meta":{"footnotes":""},"class_list":["post-5","page","type-page","status-publish","hentry"],"_links":{"self":[{"href":"https:\/\/www.fishcare.de\/index.php\/wp-json\/wp\/v2\/pages\/5","targetHints":{"allow":["GET"]}}],"collection":[{"href":"https:\/\/www.fishcare.de\/index.php\/wp-json\/wp\/v2\/pages"}],"about":[{"href":"https:\/\/www.fishcare.de\/index.php\/wp-json\/wp\/v2\/types\/page"}],"replies":[{"embeddable":true,"href":"https:\/\/www.fishcare.de\/index.php\/wp-json\/wp\/v2\/comments?post=5"}],"version-history":[{"count":2,"href":"https:\/\/www.fishcare.de\/index.php\/wp-json\/wp\/v2\/pages\/5\/revisions"}],"predecessor-version":[{"id":49,"href":"https:\/\/www.fishcare.de\/index.php\/wp-json\/wp\/v2\/pages\/5\/revisions\/49"}],"wp:attachment":[{"href":"https:\/\/www.fishcare.de\/index.php\/wp-json\/wp\/v2\/media?parent=5"}],"curies":[{"name":"wp","href":"https:\/\/api.w.org\/{rel}","templated":true}]}}